{"id":19,"date":"2018-06-29T15:04:59","date_gmt":"2018-06-29T13:04:59","guid":{"rendered":"http:\/\/localhost:8077\/?page_id=19"},"modified":"2020-06-03T10:24:50","modified_gmt":"2020-06-03T08:24:50","slug":"kontakt","status":"publish","type":"page","link":"https:\/\/www.enduro-balkan.com\/index.php\/kontakt\/","title":{"rendered":"Kontakt"},"content":{"rendered":"<p>Po\u0161tovani, ukoliko \u017eelite da doprinesete sadr\u017eaju ovog sajta va\u0161im trekovima, tekstovima ili informacijama, ili jednostvano imate komentar, primedbu ili sugestiju, molimo Vas da nas kontaktirate putem donje forme ili nam jednostavno pi\u0161ite na <a href=\"mailto:info@enduro-balkan.com\"><span style=\"color: #0000ff;\">info@enduro-balkan.com<\/span><\/a><\/p>\n<p>Prilikom popunjavanja donje forme, obavezno \u010dekirajte &#8222;I&#8217;m not a robot&#8220; \u010dekboks.<\/p>\n\n<div class=\"wpforms-container wpforms-container-full wpforms-block\" id=\"wpforms-1197\"><form id=\"wpforms-form-1197\" class=\"wpforms-validate wpforms-form\" data-formid=\"1197\" method=\"post\" enctype=\"multipart\/form-data\" action=\"\/index.php\/wp-json\/wp\/v2\/pages\/19\" data-token=\"720e8bfa3104b5241257835146295a4e\"><noscript class=\"wpforms-error-noscript\">Please enable JavaScript in your browser to complete this form.<\/noscript><div class=\"wpforms-field-container\"><div id=\"wpforms-1197-field_0-container\" class=\"wpforms-field wpforms-field-name\" data-field-id=\"0\"><label class=\"wpforms-field-label\" for=\"wpforms-1197-field_0\">Va\u0161e ime <span class=\"wpforms-required-label\">*<\/span><\/label><input type=\"text\" id=\"wpforms-1197-field_0\" class=\"wpforms-field-medium wpforms-field-required\" name=\"wpforms[fields][0]\" required><\/div><div id=\"wpforms-1197-field_1-container\" class=\"wpforms-field wpforms-field-email\" data-field-id=\"1\"><label class=\"wpforms-field-label\" for=\"wpforms-1197-field_1\">E-mail <span class=\"wpforms-required-label\">*<\/span><\/label><input type=\"email\" id=\"wpforms-1197-field_1\" class=\"wpforms-field-medium wpforms-field-required\" name=\"wpforms[fields][1]\" spellcheck=\"false\" required><\/div><div id=\"wpforms-1197-field_2-container\" class=\"wpforms-field wpforms-field-textarea\" data-field-id=\"2\"><label class=\"wpforms-field-label\" for=\"wpforms-1197-field_2\">Komentar ili poruka <span class=\"wpforms-required-label\">*<\/span><\/label><textarea id=\"wpforms-1197-field_2\" class=\"wpforms-field-medium wpforms-field-required\" name=\"wpforms[fields][2]\" required><\/textarea><\/div><\/div><!-- .wpforms-field-container --><div class=\"wpforms-field wpforms-field-hp\"><label for=\"wpforms-1197-field-hp\" class=\"wpforms-field-label\">Name<\/label><input type=\"text\" name=\"wpforms[hp]\" id=\"wpforms-1197-field-hp\" class=\"wpforms-field-medium\"><\/div><div class=\"wpforms-recaptcha-container wpforms-is-recaptcha\" ><div class=\"g-recaptcha\" data-sitekey=\"6Leh1P8UAAAAALWAvsVwWGe1AGVvS9AkaBL3VM7Y\"><\/div><input type=\"text\" name=\"g-recaptcha-hidden\" class=\"wpforms-recaptcha-hidden\" style=\"position:absolute!important;clip:rect(0,0,0,0)!important;height:1px!important;width:1px!important;border:0!important;overflow:hidden!important;padding:0!important;margin:0!important;\" data-rule-recaptcha=\"1\"><\/div><div class=\"wpforms-submit-container\" ><input type=\"hidden\" name=\"wpforms[id]\" value=\"1197\"><input type=\"hidden\" name=\"wpforms[author]\" value=\"1\"><button type=\"submit\" name=\"wpforms[submit]\" id=\"wpforms-submit-1197\" class=\"wpforms-submit\" data-alt-text=\"\u0160alje se...\" data-submit-text=\"Po\u0161alji\" aria-live=\"assertive\" value=\"wpforms-submit\">Po\u0161alji<\/button><\/div><\/form><\/div>  <!-- .wpforms-container -->","protected":false},"excerpt":{"rendered":"<p>Po\u0161tovani, ukoliko \u017eelite da doprinesete sadr\u017eaju ovog sajta va\u0161im trekovima, tekstovima ili informacijama, ili jednostvano imate komentar, primedbu ili sugestiju, molimo Vas da nas kontaktirate putem donje forme ili nam jednostavno pi\u0161ite na info@enduro-balkan.com Prilikom popunjavanja donje forme, obavezno \u010dekirajte &#8222;I&#8217;m not a robot&#8220; \u010dekboks.<\/p>\n","protected":false},"author":1,"featured_media":14,"parent":0,"menu_order":0,"comment_status":"closed","ping_status":"closed","template":"","meta":[],"_links":{"self":[{"href":"https:\/\/www.enduro-balkan.com\/index.php\/wp-json\/wp\/v2\/pages\/19"}],"collection":[{"href":"https:\/\/www.enduro-balkan.com\/index.php\/wp-json\/wp\/v2\/pages"}],"about":[{"href":"https:\/\/www.enduro-balkan.com\/index.php\/wp-json\/wp\/v2\/types\/page"}],"author":[{"embeddable":true,"href":"https:\/\/www.enduro-balkan.com\/index.php\/wp-json\/wp\/v2\/users\/1"}],"replies":[{"embeddable":true,"href":"https:\/\/www.enduro-balkan.com\/index.php\/wp-json\/wp\/v2\/comments?post=19"}],"version-history":[{"count":3,"href":"https:\/\/www.enduro-balkan.com\/index.php\/wp-json\/wp\/v2\/pages\/19\/revisions"}],"predecessor-version":[{"id":1200,"href":"https:\/\/www.enduro-balkan.com\/index.php\/wp-json\/wp\/v2\/pages\/19\/revisions\/1200"}],"wp:featuredmedia":[{"embeddable":true,"href":"https:\/\/www.enduro-balkan.com\/index.php\/wp-json\/wp\/v2\/media\/14"}],"wp:attachment":[{"href":"https:\/\/www.enduro-balkan.com\/index.php\/wp-json\/wp\/v2\/media?parent=19"}],"curies":[{"name":"wp","href":"https:\/\/api.w.org\/{rel}","templated":true}]}}