{"id":1341,"date":"2020-06-09T15:44:23","date_gmt":"2020-06-09T13:44:23","guid":{"rendered":"https:\/\/www.enduro-balkan.com\/?page_id=1341"},"modified":"2020-06-09T15:48:16","modified_gmt":"2020-06-09T13:48:16","slug":"uputstvo-za-koriscenje-sajta","status":"publish","type":"page","link":"https:\/\/www.enduro-balkan.com\/index.php\/uputstvo-za-koriscenje-sajta\/","title":{"rendered":"Uputstvo za kori\u0161\u0107enje sajta"},"content":{"rendered":"\n<p>Dobro do\u0161li na sajt ENDURO-BALKAN.COM. Nadamo se da \u0107ete ovde prona\u0107i zanimljive trekove ili druge korisne informacije za planiranje Va\u0161e enduro vo\u017enje na podru\u010dju Balkana. Da bi Vam snala\u017eenje na sajtu bilo \u0161to jednostavnije, molimo Vas da uzdvojite trenutak vremena i upoznate se sa osnovnom logikom sajta. <\/p>\n\n\n\n<p>Materijal vezan za trekove grupisan je po regijama i ujedno strukturiran po nekim osnovnim karakteristikama treka me\u0111u kojima su:<\/p>\n\n\n\n<ul><li>du\u017eina treka<\/li><li>za koji tip motora je trek pogodan<\/li><li>te\u017eina treka (za odgovaraju\u0107i tip motora)<\/li><li>vrsta treka (linijski ili kru\u017eni)<\/li><li>lepota treka<\/li><\/ul>\n\n\n\n<p>Spisak trekova mo\u017eete dobiti ili direktnim izborom neke regije ili pretragom.<\/p>\n\n\n\n<div class=\"wp-block-image\"><figure class=\"aligncenter size-large\"><img decoding=\"async\" loading=\"lazy\" width=\"1024\" height=\"547\" src=\"https:\/\/www.enduro-balkan.com\/wp-content\/uploads\/2020\/06\/uputstvo_001-1024x547.jpg\" alt=\"Po\u010detna strana\" class=\"wp-image-1342\" srcset=\"https:\/\/www.enduro-balkan.com\/wp-content\/uploads\/2020\/06\/uputstvo_001-1024x547.jpg 1024w, https:\/\/www.enduro-balkan.com\/wp-content\/uploads\/2020\/06\/uputstvo_001-300x160.jpg 300w, https:\/\/www.enduro-balkan.com\/wp-content\/uploads\/2020\/06\/uputstvo_001-768x410.jpg 768w, https:\/\/www.enduro-balkan.com\/wp-content\/uploads\/2020\/06\/uputstvo_001.jpg 1366w\" sizes=\"(max-width: 1024px) 100vw, 1024px\" \/><figcaption>Po\u010detna strana<\/figcaption><\/figure><\/div>\n\n\n\n<p>Ukoliko kliknete na meni &#8222;Pretraga&#8220;, dobi\u0107ete formu u okviru koje mo\u017eete uneti pojam za pretragu i dodatno podesiti filter prema karakteristikama treka. Ujedno na ovoj strani prikazan je i &#8222;oblak&#8220; pojmova na koje mo\u017eete direktno kliknuti i dobiti trekove vezane ze te pojmove.<\/p>\n\n\n\n<div class=\"wp-block-image\"><figure class=\"aligncenter size-large\"><img decoding=\"async\" loading=\"lazy\" width=\"1024\" height=\"546\" src=\"https:\/\/www.enduro-balkan.com\/wp-content\/uploads\/2020\/06\/uputstvo_002-1024x546.jpg\" alt=\"Pretraga\" class=\"wp-image-1343\" srcset=\"https:\/\/www.enduro-balkan.com\/wp-content\/uploads\/2020\/06\/uputstvo_002-1024x546.jpg 1024w, https:\/\/www.enduro-balkan.com\/wp-content\/uploads\/2020\/06\/uputstvo_002-300x160.jpg 300w, https:\/\/www.enduro-balkan.com\/wp-content\/uploads\/2020\/06\/uputstvo_002-768x409.jpg 768w, https:\/\/www.enduro-balkan.com\/wp-content\/uploads\/2020\/06\/uputstvo_002.jpg 1366w\" sizes=\"(max-width: 1024px) 100vw, 1024px\" \/><figcaption>Pretraga<\/figcaption><\/figure><\/div>\n\n\n\n<p>Koji god metod da izaberete, dobi\u0107ete spisak trekova koji odgovaraju zadatim parametrima pretrage. <\/p>\n\n\n\n<div class=\"wp-block-image\"><figure class=\"aligncenter size-large\"><img decoding=\"async\" loading=\"lazy\" width=\"1024\" height=\"546\" src=\"https:\/\/www.enduro-balkan.com\/wp-content\/uploads\/2020\/06\/uputstvo_003-1024x546.jpg\" alt=\"Spisak trekova\" class=\"wp-image-1344\" srcset=\"https:\/\/www.enduro-balkan.com\/wp-content\/uploads\/2020\/06\/uputstvo_003-1024x546.jpg 1024w, https:\/\/www.enduro-balkan.com\/wp-content\/uploads\/2020\/06\/uputstvo_003-300x160.jpg 300w, https:\/\/www.enduro-balkan.com\/wp-content\/uploads\/2020\/06\/uputstvo_003-768x409.jpg 768w, https:\/\/www.enduro-balkan.com\/wp-content\/uploads\/2020\/06\/uputstvo_003.jpg 1366w\" sizes=\"(max-width: 1024px) 100vw, 1024px\" \/><figcaption>Spisak trekova<\/figcaption><\/figure><\/div>\n\n\n\n<p>Klikom na naziv treka ili sli\u010dicu pored, prikazuje se konkretan trek sa svim svojim bitnim karakteristikama, opisom, slikama, mapom itd&#8230; Sam trek mo\u017eete da preuzmete klikom na ikonicu &#8222;KML&#8220; iznad mape. Trek ne mora obavezno da bude u KML formatu, ve\u0107 mo\u017ee da bude i u KMZ ili GPX formatu (autori koji postavljaju trekove obi\u010dno ih postavljaju u formatu kako su ih snimili ili u formatu koji sami naj\u010de\u0161\u0107e koriste &#8211; to u svakom slu\u010daju nije problem jer postoje brojni konverteri a i najve\u0107i broj aplikacija za GPS koristi bilo koji od navedenih formata).<\/p>\n\n\n\n<div class=\"wp-block-image\"><figure class=\"aligncenter size-large\"><img decoding=\"async\" loading=\"lazy\" width=\"1024\" height=\"547\" src=\"https:\/\/www.enduro-balkan.com\/wp-content\/uploads\/2020\/06\/uputstvo_004-1024x547.jpg\" alt=\"Prikaz treka\" class=\"wp-image-1345\" srcset=\"https:\/\/www.enduro-balkan.com\/wp-content\/uploads\/2020\/06\/uputstvo_004-1024x547.jpg 1024w, https:\/\/www.enduro-balkan.com\/wp-content\/uploads\/2020\/06\/uputstvo_004-300x160.jpg 300w, https:\/\/www.enduro-balkan.com\/wp-content\/uploads\/2020\/06\/uputstvo_004-768x410.jpg 768w, https:\/\/www.enduro-balkan.com\/wp-content\/uploads\/2020\/06\/uputstvo_004.jpg 1366w\" sizes=\"(max-width: 1024px) 100vw, 1024px\" \/><figcaption>Prikaz treka<\/figcaption><\/figure><\/div>\n\n\n\n<p>Trek mo\u017eete dosta detaljno pregledati na prikazanoj mapi na samom sajtu. Predla\u017eemo Vam da prilikom pregleda treka, klikom na ikonicu u gornjem, desnom uglu mape u\u0111ete u prikaz mape preko celog ekrana (full screen). Na taj na\u010din, vrlo detaljno mo\u017eete pregledati\/analizirati trek. Sam prikaz mape mo\u017eete promeniti sa &#8222;teren&#8220; \u0161to je podrazumevani prikaz na &#8222;satelit&#8220; klikom na odgovaraju\u0107u opciju u gornjem levom uglu mape.<\/p>\n\n\n\n<div class=\"wp-block-image is-style-default\"><figure class=\"aligncenter size-large\"><img decoding=\"async\" loading=\"lazy\" width=\"1024\" height=\"576\" src=\"https:\/\/www.enduro-balkan.com\/wp-content\/uploads\/2020\/06\/uputstvo_005-1024x576.jpg\" alt=\"Map fulscreen\" class=\"wp-image-1346\" srcset=\"https:\/\/www.enduro-balkan.com\/wp-content\/uploads\/2020\/06\/uputstvo_005-1024x576.jpg 1024w, https:\/\/www.enduro-balkan.com\/wp-content\/uploads\/2020\/06\/uputstvo_005-300x169.jpg 300w, https:\/\/www.enduro-balkan.com\/wp-content\/uploads\/2020\/06\/uputstvo_005-768x432.jpg 768w, https:\/\/www.enduro-balkan.com\/wp-content\/uploads\/2020\/06\/uputstvo_005.jpg 1366w\" sizes=\"(max-width: 1024px) 100vw, 1024px\" \/><figcaption>Mapa u prikazu na celom ekranu<\/figcaption><\/figure><\/div>\n","protected":false},"excerpt":{"rendered":"<p>Dobro do\u0161li na sajt ENDURO-BALKAN.COM. Nadamo se da \u0107ete ovde prona\u0107i zanimljive trekove ili druge korisne informacije za planiranje Va\u0161e enduro vo\u017enje na podru\u010dju Balkana. Da bi Vam snala\u017eenje na sajtu bilo \u0161to jednostavnije, molimo Vas da uzdvojite trenutak vremena i upoznate se sa osnovnom logikom sajta. Materijal vezan za trekove grupisan je po regijama [&hellip;]<\/p>\n","protected":false},"author":3,"featured_media":0,"parent":0,"menu_order":0,"comment_status":"closed","ping_status":"closed","template":"","meta":[],"_links":{"self":[{"href":"https:\/\/www.enduro-balkan.com\/index.php\/wp-json\/wp\/v2\/pages\/1341"}],"collection":[{"href":"https:\/\/www.enduro-balkan.com\/index.php\/wp-json\/wp\/v2\/pages"}],"about":[{"href":"https:\/\/www.enduro-balkan.com\/index.php\/wp-json\/wp\/v2\/types\/page"}],"author":[{"embeddable":true,"href":"https:\/\/www.enduro-balkan.com\/index.php\/wp-json\/wp\/v2\/users\/3"}],"replies":[{"embeddable":true,"href":"https:\/\/www.enduro-balkan.com\/index.php\/wp-json\/wp\/v2\/comments?post=1341"}],"version-history":[{"count":3,"href":"https:\/\/www.enduro-balkan.com\/index.php\/wp-json\/wp\/v2\/pages\/1341\/revisions"}],"predecessor-version":[{"id":1349,"href":"https:\/\/www.enduro-balkan.com\/index.php\/wp-json\/wp\/v2\/pages\/1341\/revisions\/1349"}],"wp:attachment":[{"href":"https:\/\/www.enduro-balkan.com\/index.php\/wp-json\/wp\/v2\/media?parent=1341"}],"curies":[{"name":"wp","href":"https:\/\/api.w.org\/{rel}","templated":true}]}}