{"id":1212,"date":"2020-06-03T14:14:05","date_gmt":"2020-06-03T12:14:05","guid":{"rendered":"https:\/\/www.enduro-balkan.com\/?page_id=1212"},"modified":"2022-12-13T15:42:30","modified_gmt":"2022-12-13T14:42:30","slug":"pretraga","status":"publish","type":"page","link":"https:\/\/www.enduro-balkan.com\/index.php\/pretraga\/","title":{"rendered":"Pretraga"},"content":{"rendered":"\n<div class=\"entry-content\">\n\n\t\t\t\t\t\t\t\t<div class=\"sidebar-content tags blog-search\">\n\t<form method=\"get\" id=\"searchform\" action=\"https:\/\/www.enduro-balkan.com\/\">\t\t\n\t\t<input type=\"text\" class=\"blog-search-input text-input\" name=\"s\" id=\"s\" placeholder=\"Unesi pojam za pretragu..\">\n\t\t<button class=\"blog-search-button icon-search \"><i class=\"fa fa-search\"><\/i><\/button>\n\t\t\n\t\t<br><label for=\"cat\" style=\"margin-top:5px;color:#0073AA\">Regija:<\/label><select class=\"blog-search-input text-input\" name=\"regija\" id=\"regija\" style=\"margin-top:5px;\">\n\t<option value=\"-1\">Izaberi regiju<\/option>\n\t<option class=\"level-0\" value=\"91\">Crna Gora<\/option>\n        <option class=\"level-0\" value=\"90\">Bosna i Hercegovina<\/option>\n\t<option class=\"level-0\" value=\"95\">Gr\u010dka<\/option>\n\t<option class=\"level-0\" value=\"97\">Rumunija<\/option>\n\t<option class=\"level-0\" value=\"7\">Srbija<\/option>\n\t<option class=\"level-1\" value=\"13\">&nbsp;&nbsp;&nbsp;Centralna Srbija<\/option>\n\t<option class=\"level-2\" value=\"14\">&nbsp;&nbsp;&nbsp;&nbsp;&nbsp;&nbsp;Avala<\/option>\n\t<option class=\"level-2\" value=\"16\">&nbsp;&nbsp;&nbsp;&nbsp;&nbsp;&nbsp;Bukulja<\/option>\n\t<option class=\"level-2\" value=\"18\">&nbsp;&nbsp;&nbsp;&nbsp;&nbsp;&nbsp;Gledi\u0107ke planine<\/option>\n\t<option class=\"level-2\" value=\"21\">&nbsp;&nbsp;&nbsp;&nbsp;&nbsp;&nbsp;Go\u010d<\/option>\n\t<option class=\"level-2\" value=\"19\">&nbsp;&nbsp;&nbsp;&nbsp;&nbsp;&nbsp;Jastrebac<\/option>\n\t<option class=\"level-2\" value=\"25\">&nbsp;&nbsp;&nbsp;&nbsp;&nbsp;&nbsp;Jelica<\/option>\n\t<option class=\"level-2\" value=\"24\">&nbsp;&nbsp;&nbsp;&nbsp;&nbsp;&nbsp;Kablar<\/option>\n\t<option class=\"level-2\" value=\"15\">&nbsp;&nbsp;&nbsp;&nbsp;&nbsp;&nbsp;Kosmaj<\/option>\n\t<option class=\"level-2\" value=\"23\">&nbsp;&nbsp;&nbsp;&nbsp;&nbsp;&nbsp;Ov\u010dar<\/option>\n\t<option class=\"level-2\" value=\"26\">&nbsp;&nbsp;&nbsp;&nbsp;&nbsp;&nbsp;Rudnik<\/option>\n\t<option class=\"level-2\" value=\"22\">&nbsp;&nbsp;&nbsp;&nbsp;&nbsp;&nbsp;Stolovi<\/option>\n\t<option class=\"level-1\" value=\"38\">&nbsp;&nbsp;&nbsp;Isto\u010dna Srbija<\/option>\n\t<option class=\"level-2\" value=\"48\">&nbsp;&nbsp;&nbsp;&nbsp;&nbsp;&nbsp;Deli Jovan<\/option>\n\t<option class=\"level-2\" value=\"43\">&nbsp;&nbsp;&nbsp;&nbsp;&nbsp;&nbsp;Devica<\/option>\n\t<option class=\"level-2\" value=\"40\">&nbsp;&nbsp;&nbsp;&nbsp;&nbsp;&nbsp;Homoljske planine<\/option>\n\t<option class=\"level-2\" value=\"41\">&nbsp;&nbsp;&nbsp;&nbsp;&nbsp;&nbsp;Ku\u010daj i Beljanica<\/option>\n\t<option class=\"level-2\" value=\"44\">&nbsp;&nbsp;&nbsp;&nbsp;&nbsp;&nbsp;Rtanj<\/option>\n\t<option class=\"level-2\" value=\"46\">&nbsp;&nbsp;&nbsp;&nbsp;&nbsp;&nbsp;Stara planina<\/option>\n\t<option class=\"level-2\" value=\"47\">&nbsp;&nbsp;&nbsp;&nbsp;&nbsp;&nbsp;Stol<\/option>\n\t<option class=\"level-2\" value=\"49\">&nbsp;&nbsp;&nbsp;&nbsp;&nbsp;&nbsp;Suva planina<\/option>\n\t<option class=\"level-2\" value=\"50\">&nbsp;&nbsp;&nbsp;&nbsp;&nbsp;&nbsp;Svrlji\u0161ke planine<\/option>\n\t<option class=\"level-2\" value=\"45\">&nbsp;&nbsp;&nbsp;&nbsp;&nbsp;&nbsp;Tupi\u017enica<\/option>\n\t<option class=\"level-2\" value=\"39\">&nbsp;&nbsp;&nbsp;&nbsp;&nbsp;&nbsp;\u0110erdap<\/option>\n\t<option class=\"level-1\" value=\"51\">&nbsp;&nbsp;&nbsp;Ju\u017ena srbija<\/option>\n\t<option class=\"level-2\" value=\"52\">&nbsp;&nbsp;&nbsp;&nbsp;&nbsp;&nbsp;Besna kobila<\/option>\n\t<option class=\"level-2\" value=\"53\">&nbsp;&nbsp;&nbsp;&nbsp;&nbsp;&nbsp;Dukat<\/option>\n\t<option class=\"level-2\" value=\"54\">&nbsp;&nbsp;&nbsp;&nbsp;&nbsp;&nbsp;Kukavica<\/option>\n\t<option class=\"level-2\" value=\"56\">&nbsp;&nbsp;&nbsp;&nbsp;&nbsp;&nbsp;Ruj<\/option>\n\t<option class=\"level-1\" value=\"8\">&nbsp;&nbsp;&nbsp;Vojvodina<\/option>\n\t<option class=\"level-2\" value=\"10\">&nbsp;&nbsp;&nbsp;&nbsp;&nbsp;&nbsp;Deliblatska pe\u0161\u010dara<\/option>\n\t<option class=\"level-2\" value=\"9\">&nbsp;&nbsp;&nbsp;&nbsp;&nbsp;&nbsp;Fru\u0161ka gora<\/option>\n\t<option class=\"level-2\" value=\"12\">&nbsp;&nbsp;&nbsp;&nbsp;&nbsp;&nbsp;Ostatak Vojvodine<\/option>\n\t<option class=\"level-2\" value=\"11\">&nbsp;&nbsp;&nbsp;&nbsp;&nbsp;&nbsp;Vr\u0161a\u010dka brda<\/option>\n\t<option class=\"level-1\" value=\"27\">&nbsp;&nbsp;&nbsp;Zapadna Srbija<\/option>\n\t<option class=\"level-2\" value=\"37\">&nbsp;&nbsp;&nbsp;&nbsp;&nbsp;&nbsp;\u010cemerno<\/option>\n\t<option class=\"level-2\" value=\"28\">&nbsp;&nbsp;&nbsp;&nbsp;&nbsp;&nbsp;Cer<\/option>\n\t<option class=\"level-2\" value=\"36\">&nbsp;&nbsp;&nbsp;&nbsp;&nbsp;&nbsp;Golija<\/option>\n\t<option class=\"level-2\" value=\"31\">&nbsp;&nbsp;&nbsp;&nbsp;&nbsp;&nbsp;Tara<\/option>\n\t<option class=\"level-2\" value=\"34\">&nbsp;&nbsp;&nbsp;&nbsp;&nbsp;&nbsp;Uvac<\/option>\n\t<option class=\"level-2\" value=\"30\">&nbsp;&nbsp;&nbsp;&nbsp;&nbsp;&nbsp;Valjevske planine<\/option>\n\t<option class=\"level-2\" value=\"33\">&nbsp;&nbsp;&nbsp;&nbsp;&nbsp;&nbsp;Zlatar<\/option>\n\t<option class=\"level-2\" value=\"32\">&nbsp;&nbsp;&nbsp;&nbsp;&nbsp;&nbsp;Zlatibor<\/option>\n<\/select>\n\t\t\n\t\t<br><label for=\"tip_motora\" style=\"margin-top:5px;color:#0073AA\">Tip motora:<\/label><select class=\"blog-search-input text-input\" name=\"tip_motora\" id=\"tip_motora\" style=\"margin-top:5px;\">\n\t\t<option value=\"\">&#8212; IZABERI &#8212;<\/option>\n\t\t<option value=\"Enduro\/cross\">Enduro\/cross<\/option>\t\n\t\t<option value=\"Dual sport\">Dual sport<\/option>\n\t\t<option value=\"Te\u0161ki dual sport\">Te\u0161ki dual sport<\/option>\n\t\t<\/select><br>\n\t\t<label for=\"tezina_treka\" style=\"margin-top:5px;color:#0073AA\">Te\u017eina treka:<\/label>\n\t\t<select class=\"blog-search-input text-input\" name=\"tezina_treka\" id=\"tezina_treka\">\n\t\t<option value=\"\">&#8212; IZABERI &#8212;<\/option>\t\n\t\t<option value=\"Lak\">Lak<\/option>\t\n\t\t<option value=\"Lak do srednje te\u017eak\">Lak do srednje te\u017eak<\/option>\n\t\t<option value=\"Srednje te\u017eak\">Srednje te\u017eak<\/option>\n\t\t<option value=\"Te\u017eak\">Te\u017eak<\/option>\n\t\t<option value=\"Izrazito te\u017eak\">Izrazito te\u017eak<\/option>\n\t\t<\/select><br>\n\t\t<label for=\"tip_treka\" style=\"margin-top:5px;color:#0073AA\">Tip treka:<\/label>\n\t\t<select class=\"blog-search-input text-input\" name=\"tip_treka\" id=\"tip_treka\">\n\t\t<option value=\"\">&#8212; IZABERI &#8212;<\/option>\t\n\t\t<option value=\"Kru\u017eni\">Kru\u017eni<\/option>\t\n\t\t<option value=\"Linijski\">Linijski<\/option>\n\t\t<\/select>\n\t\t\n\t<\/form>\n<\/div>\t\t\t\t\t\t\t<\/div><!-- .entry-content -->\n<br><br><hr><br>\n\n\n<p class=\"wp-block-tag-cloud\"><a href=\"https:\/\/www.enduro-balkan.com\/index.php\/category\/srbija\/centralna-srbija\/avala\/\" class=\"tag-cloud-link tag-link-14 tag-link-position-1\" style=\"font-size: 9.8117647058824pt;\" aria-label=\"Avala (4 \u0441\u0442\u0430\u0432\u043a\u0435)\">Avala<span class=\"tag-link-count\"> (4)<\/span><\/a>\n<a href=\"https:\/\/www.enduro-balkan.com\/index.php\/category\/srbija\/juzna-srbija\/besna-kobila\/\" class=\"tag-cloud-link tag-link-52 tag-link-position-2\" style=\"font-size: 12.282352941176pt;\" aria-label=\"Besna kobila (9 \u0441\u0442\u0430\u0432\u043a\u0438)\">Besna kobila<span class=\"tag-link-count\"> (9)<\/span><\/a>\n<a href=\"https:\/\/www.enduro-balkan.com\/index.php\/category\/bosna-i-hercegovina\/\" class=\"tag-cloud-link tag-link-90 tag-link-position-3\" style=\"font-size: 11.870588235294pt;\" aria-label=\"Bosna i Hercegovina (8 \u0441\u0442\u0430\u0432\u043a\u0438)\">Bosna i Hercegovina<span class=\"tag-link-count\"> (8)<\/span><\/a>\n<a href=\"https:\/\/www.enduro-balkan.com\/index.php\/category\/srbija\/centralna-srbija\/\" class=\"tag-cloud-link tag-link-13 tag-link-position-4\" style=\"font-size: 15.247058823529pt;\" aria-label=\"Centralna Srbija (22 \u0441\u0442\u0430\u0432\u043a\u0435)\">Centralna Srbija<span class=\"tag-link-count\"> (22)<\/span><\/a>\n<a href=\"https:\/\/www.enduro-balkan.com\/index.php\/category\/crna-gora\/\" class=\"tag-cloud-link tag-link-91 tag-link-position-5\" style=\"font-size: 13.517647058824pt;\" aria-label=\"Crna Gora (13 \u0441\u0442\u0430\u0432\u043a\u0438)\">Crna Gora<span class=\"tag-link-count\"> (13)<\/span><\/a>\n<a href=\"https:\/\/www.enduro-balkan.com\/index.php\/category\/srbija\/vojvodina\/deliblatska-pescara\/\" class=\"tag-cloud-link tag-link-10 tag-link-position-6\" style=\"font-size: 13.188235294118pt;\" aria-label=\"Deliblatska pe\u0161\u010dara (12 \u0441\u0442\u0430\u0432\u043a\u0438)\">Deliblatska pe\u0161\u010dara<span class=\"tag-link-count\"> (12)<\/span><\/a>\n<a href=\"https:\/\/www.enduro-balkan.com\/index.php\/category\/srbija\/istocna-srbija\/deli-jovan\/\" class=\"tag-cloud-link tag-link-48 tag-link-position-7\" style=\"font-size: 8.9882352941176pt;\" aria-label=\"Deli Jovan (3 \u0441\u0442\u0430\u0432\u043a\u0435)\">Deli Jovan<span class=\"tag-link-count\"> (3)<\/span><\/a>\n<a href=\"https:\/\/www.enduro-balkan.com\/index.php\/category\/vrsta-motora\/srednje-tezak-motor\/\" class=\"tag-cloud-link tag-link-66 tag-link-position-8\" style=\"font-size: 22pt;\" aria-label=\"Dual sport (152 \u0441\u0442\u0430\u0432\u043a\u0435)\">Dual sport<span class=\"tag-link-count\"> (152)<\/span><\/a>\n<a href=\"https:\/\/www.enduro-balkan.com\/index.php\/category\/srbija\/juzna-srbija\/dukat\/\" class=\"tag-cloud-link tag-link-53 tag-link-position-9\" style=\"font-size: 8.9882352941176pt;\" aria-label=\"Dukat (3 \u0441\u0442\u0430\u0432\u043a\u0435)\">Dukat<span class=\"tag-link-count\"> (3)<\/span><\/a>\n<a href=\"https:\/\/www.enduro-balkan.com\/index.php\/category\/vrsta-motora\/enduro-cross\/\" class=\"tag-cloud-link tag-link-65 tag-link-position-10\" style=\"font-size: 18.705882352941pt;\" aria-label=\"Enduro\/cross (59 \u0441\u0442\u0430\u0432\u043a\u0438)\">Enduro\/cross<span class=\"tag-link-count\"> (59)<\/span><\/a>\n<a href=\"https:\/\/www.enduro-balkan.com\/index.php\/category\/srbija\/vojvodina\/fruska-gora\/\" class=\"tag-cloud-link tag-link-9 tag-link-position-11\" style=\"font-size: 8.9882352941176pt;\" aria-label=\"Fru\u0161ka gora (3 \u0441\u0442\u0430\u0432\u043a\u0435)\">Fru\u0161ka gora<span class=\"tag-link-count\"> (3)<\/span><\/a>\n<a href=\"https:\/\/www.enduro-balkan.com\/index.php\/category\/srbija\/centralna-srbija\/gledicke-planine\/\" class=\"tag-cloud-link tag-link-18 tag-link-position-12\" style=\"font-size: 8.9882352941176pt;\" aria-label=\"Gledi\u0107ke planine (3 \u0441\u0442\u0430\u0432\u043a\u0435)\">Gledi\u0107ke planine<span class=\"tag-link-count\"> (3)<\/span><\/a>\n<a href=\"https:\/\/www.enduro-balkan.com\/index.php\/category\/srbija\/zapadna-srbija\/golija\/\" class=\"tag-cloud-link tag-link-36 tag-link-position-13\" style=\"font-size: 11.047058823529pt;\" aria-label=\"Golija (6 \u0441\u0442\u0430\u0432\u043a\u0438)\">Golija<span class=\"tag-link-count\"> (6)<\/span><\/a>\n<a href=\"https:\/\/www.enduro-balkan.com\/index.php\/category\/srbija\/centralna-srbija\/goc\/\" class=\"tag-cloud-link tag-link-21 tag-link-position-14\" style=\"font-size: 11.458823529412pt;\" aria-label=\"Go\u010d (7 \u0441\u0442\u0430\u0432\u043a\u0438)\">Go\u010d<span class=\"tag-link-count\"> (7)<\/span><\/a>\n<a href=\"https:\/\/www.enduro-balkan.com\/index.php\/category\/srbija\/istocna-srbija\/homoljske-planine\/\" class=\"tag-cloud-link tag-link-40 tag-link-position-15\" style=\"font-size: 14.588235294118pt;\" aria-label=\"Homoljske planine (18 \u0441\u0442\u0430\u0432\u043a\u0438)\">Homoljske planine<span class=\"tag-link-count\"> (18)<\/span><\/a>\n<a href=\"https:\/\/www.enduro-balkan.com\/index.php\/category\/srbija\/istocna-srbija\/\" class=\"tag-cloud-link tag-link-38 tag-link-position-16\" style=\"font-size: 18.623529411765pt;\" aria-label=\"Isto\u010dna Srbija (58 \u0441\u0442\u0430\u0432\u043a\u0438)\">Isto\u010dna Srbija<span class=\"tag-link-count\"> (58)<\/span><\/a>\n<a href=\"https:\/\/www.enduro-balkan.com\/index.php\/category\/srbija\/centralna-srbija\/jastrebac\/\" class=\"tag-cloud-link tag-link-19 tag-link-position-17\" style=\"font-size: 8.9882352941176pt;\" aria-label=\"Jastrebac (3 \u0441\u0442\u0430\u0432\u043a\u0435)\">Jastrebac<span class=\"tag-link-count\"> (3)<\/span><\/a>\n<a href=\"https:\/\/www.enduro-balkan.com\/index.php\/category\/srbija\/juzna-srbija\/\" class=\"tag-cloud-link tag-link-51 tag-link-position-18\" style=\"font-size: 13.188235294118pt;\" aria-label=\"Ju\u017ena srbija (12 \u0441\u0442\u0430\u0432\u043a\u0438)\">Ju\u017ena srbija<span class=\"tag-link-count\"> (12)<\/span><\/a>\n<a href=\"https:\/\/www.enduro-balkan.com\/index.php\/category\/srbija\/centralna-srbija\/kablar\/\" class=\"tag-cloud-link tag-link-24 tag-link-position-19\" style=\"font-size: 8.9882352941176pt;\" aria-label=\"Kablar (3 \u0441\u0442\u0430\u0432\u043a\u0435)\">Kablar<span class=\"tag-link-count\"> (3)<\/span><\/a>\n<a href=\"https:\/\/www.enduro-balkan.com\/index.php\/category\/srbija\/centralna-srbija\/kosmaj\/\" class=\"tag-cloud-link tag-link-15 tag-link-position-20\" style=\"font-size: 8.9882352941176pt;\" aria-label=\"Kosmaj (3 \u0441\u0442\u0430\u0432\u043a\u0435)\">Kosmaj<span class=\"tag-link-count\"> (3)<\/span><\/a>\n<a href=\"https:\/\/www.enduro-balkan.com\/index.php\/category\/srbija\/istocna-srbija\/kucaj-i-beljanica\/\" class=\"tag-cloud-link tag-link-41 tag-link-position-21\" style=\"font-size: 16.070588235294pt;\" aria-label=\"Ku\u010daj i Beljanica (28 \u0441\u0442\u0430\u0432\u043a\u0438)\">Ku\u010daj i Beljanica<span class=\"tag-link-count\"> (28)<\/span><\/a>\n<a href=\"https:\/\/www.enduro-balkan.com\/index.php\/category\/tezina-treka\/lako\/\" class=\"tag-cloud-link tag-link-59 tag-link-position-22\" style=\"font-size: 13.517647058824pt;\" aria-label=\"Lako (13 \u0441\u0442\u0430\u0432\u043a\u0438)\">Lako<span class=\"tag-link-count\"> (13)<\/span><\/a>\n<a href=\"https:\/\/www.enduro-balkan.com\/index.php\/category\/tezina-treka\/lako-do-umereno\/\" class=\"tag-cloud-link tag-link-5 tag-link-position-23\" style=\"font-size: 20.435294117647pt;\" aria-label=\"Lako do umereno (96 \u0441\u0442\u0430\u0432\u043a\u0438)\">Lako do umereno<span class=\"tag-link-count\"> (96)<\/span><\/a>\n<a href=\"https:\/\/www.enduro-balkan.com\/index.php\/category\/srbija\/vojvodina\/ostatal-vojvodine\/\" class=\"tag-cloud-link tag-link-12 tag-link-position-24\" style=\"font-size: 11.458823529412pt;\" aria-label=\"Ostatak Vojvodine (7 \u0441\u0442\u0430\u0432\u043a\u0438)\">Ostatak Vojvodine<span class=\"tag-link-count\"> (7)<\/span><\/a>\n<a href=\"https:\/\/www.enduro-balkan.com\/index.php\/category\/srbija\/istocna-srbija\/rtanj\/\" class=\"tag-cloud-link tag-link-44 tag-link-position-25\" style=\"font-size: 11.047058823529pt;\" aria-label=\"Rtanj (6 \u0441\u0442\u0430\u0432\u043a\u0438)\">Rtanj<span class=\"tag-link-count\"> (6)<\/span><\/a>\n<a href=\"https:\/\/www.enduro-balkan.com\/index.php\/category\/srbija\/centralna-srbija\/rudnik\/\" class=\"tag-cloud-link tag-link-26 tag-link-position-26\" style=\"font-size: 8.9882352941176pt;\" aria-label=\"Rudnik (3 \u0441\u0442\u0430\u0432\u043a\u0435)\">Rudnik<span class=\"tag-link-count\"> (3)<\/span><\/a>\n<a href=\"https:\/\/www.enduro-balkan.com\/index.php\/category\/srbija\/juzna-srbija\/ruj\/\" class=\"tag-cloud-link tag-link-56 tag-link-position-27\" style=\"font-size: 8pt;\" aria-label=\"Ruj (2 \u0441\u0442\u0430\u0432\u043a\u0435)\">Ruj<span class=\"tag-link-count\"> (2)<\/span><\/a>\n<a href=\"https:\/\/www.enduro-balkan.com\/index.php\/category\/rumunija\/\" class=\"tag-cloud-link tag-link-97 tag-link-position-28\" style=\"font-size: 8.9882352941176pt;\" aria-label=\"Rumunija (3 \u0441\u0442\u0430\u0432\u043a\u0435)\">Rumunija<span class=\"tag-link-count\"> (3)<\/span><\/a>\n<a href=\"https:\/\/www.enduro-balkan.com\/index.php\/category\/srbija\/\" class=\"tag-cloud-link tag-link-7 tag-link-position-29\" style=\"font-size: 21.835294117647pt;\" aria-label=\"Srbija (144 \u0441\u0442\u0430\u0432\u043a\u0435)\">Srbija<span class=\"tag-link-count\"> (144)<\/span><\/a>\n<a href=\"https:\/\/www.enduro-balkan.com\/index.php\/category\/tezina-treka\/srednje-tesko\/\" class=\"tag-cloud-link tag-link-61 tag-link-position-30\" style=\"font-size: 18.788235294118pt;\" aria-label=\"Srednje te\u0161ko (60 \u0441\u0442\u0430\u0432\u043a\u0438)\">Srednje te\u0161ko<span class=\"tag-link-count\"> (60)<\/span><\/a>\n<a href=\"https:\/\/www.enduro-balkan.com\/index.php\/category\/srbija\/istocna-srbija\/stara-planina\/\" class=\"tag-cloud-link tag-link-46 tag-link-position-31\" style=\"font-size: 11.047058823529pt;\" aria-label=\"Stara planina (6 \u0441\u0442\u0430\u0432\u043a\u0438)\">Stara planina<span class=\"tag-link-count\"> (6)<\/span><\/a>\n<a href=\"https:\/\/www.enduro-balkan.com\/index.php\/category\/srbija\/istocna-srbija\/stol\/\" class=\"tag-cloud-link tag-link-47 tag-link-position-32\" style=\"font-size: 8.9882352941176pt;\" aria-label=\"Stol (3 \u0441\u0442\u0430\u0432\u043a\u0435)\">Stol<span class=\"tag-link-count\"> (3)<\/span><\/a>\n<a href=\"https:\/\/www.enduro-balkan.com\/index.php\/category\/srbija\/centralna-srbija\/stolovi\/\" class=\"tag-cloud-link tag-link-22 tag-link-position-33\" style=\"font-size: 10.470588235294pt;\" aria-label=\"Stolovi (5 \u0441\u0442\u0430\u0432\u043a\u0438)\">Stolovi<span class=\"tag-link-count\"> (5)<\/span><\/a>\n<a href=\"https:\/\/www.enduro-balkan.com\/index.php\/category\/srbija\/istocna-srbija\/suva-planina\/\" class=\"tag-cloud-link tag-link-49 tag-link-position-34\" style=\"font-size: 9.8117647058824pt;\" aria-label=\"Suva planina (4 \u0441\u0442\u0430\u0432\u043a\u0435)\">Suva planina<span class=\"tag-link-count\"> (4)<\/span><\/a>\n<a href=\"https:\/\/www.enduro-balkan.com\/index.php\/category\/srbija\/istocna-srbija\/svrljiske-planine\/\" class=\"tag-cloud-link tag-link-50 tag-link-position-35\" style=\"font-size: 10.470588235294pt;\" aria-label=\"Svrlji\u0161ke planine (5 \u0441\u0442\u0430\u0432\u043a\u0438)\">Svrlji\u0161ke planine<span class=\"tag-link-count\"> (5)<\/span><\/a>\n<a href=\"https:\/\/www.enduro-balkan.com\/index.php\/category\/srbija\/zapadna-srbija\/tara\/\" class=\"tag-cloud-link tag-link-31 tag-link-position-36\" style=\"font-size: 9.8117647058824pt;\" aria-label=\"Tara (4 \u0441\u0442\u0430\u0432\u043a\u0435)\">Tara<span class=\"tag-link-count\"> (4)<\/span><\/a>\n<a href=\"https:\/\/www.enduro-balkan.com\/index.php\/category\/vrsta-motora\/teska-kategorija\/\" class=\"tag-cloud-link tag-link-67 tag-link-position-37\" style=\"font-size: 16.564705882353pt;\" aria-label=\"Te\u0161ka kategorija (32 \u0441\u0442\u0430\u0432\u043a\u0435)\">Te\u0161ka kategorija<span class=\"tag-link-count\"> (32)<\/span><\/a>\n<a href=\"https:\/\/www.enduro-balkan.com\/index.php\/category\/tezina-treka\/tesko\/\" class=\"tag-cloud-link tag-link-62 tag-link-position-38\" style=\"font-size: 9.8117647058824pt;\" aria-label=\"Te\u0161ko (4 \u0441\u0442\u0430\u0432\u043a\u0435)\">Te\u0161ko<span class=\"tag-link-count\"> (4)<\/span><\/a>\n<a href=\"https:\/\/www.enduro-balkan.com\/index.php\/category\/srbija\/zapadna-srbija\/uvac\/\" class=\"tag-cloud-link tag-link-34 tag-link-position-39\" style=\"font-size: 8.9882352941176pt;\" aria-label=\"Uvac (3 \u0441\u0442\u0430\u0432\u043a\u0435)\">Uvac<span class=\"tag-link-count\"> (3)<\/span><\/a>\n<a href=\"https:\/\/www.enduro-balkan.com\/index.php\/category\/srbija\/zapadna-srbija\/valjevske-planine\/\" class=\"tag-cloud-link tag-link-30 tag-link-position-40\" style=\"font-size: 15.247058823529pt;\" aria-label=\"Valjevske planine (22 \u0441\u0442\u0430\u0432\u043a\u0435)\">Valjevske planine<span class=\"tag-link-count\"> (22)<\/span><\/a>\n<a href=\"https:\/\/www.enduro-balkan.com\/index.php\/category\/srbija\/vojvodina\/\" class=\"tag-cloud-link tag-link-8 tag-link-position-41\" style=\"font-size: 14.752941176471pt;\" aria-label=\"Vojvodina (19 \u0441\u0442\u0430\u0432\u043a\u0438)\">Vojvodina<span class=\"tag-link-count\"> (19)<\/span><\/a>\n<a href=\"https:\/\/www.enduro-balkan.com\/index.php\/category\/srbija\/zapadna-srbija\/\" class=\"tag-cloud-link tag-link-27 tag-link-position-42\" style=\"font-size: 16.564705882353pt;\" aria-label=\"Zapadna Srbija (32 \u0441\u0442\u0430\u0432\u043a\u0435)\">Zapadna Srbija<span class=\"tag-link-count\"> (32)<\/span><\/a>\n<a href=\"https:\/\/www.enduro-balkan.com\/index.php\/category\/srbija\/zapadna-srbija\/zlatibor\/\" class=\"tag-cloud-link tag-link-32 tag-link-position-43\" style=\"font-size: 11.047058823529pt;\" aria-label=\"Zlatibor (6 \u0441\u0442\u0430\u0432\u043a\u0438)\">Zlatibor<span class=\"tag-link-count\"> (6)<\/span><\/a>\n<a href=\"https:\/\/www.enduro-balkan.com\/index.php\/category\/srbija\/istocna-srbija\/djerdap\/\" class=\"tag-cloud-link tag-link-39 tag-link-position-44\" style=\"font-size: 12.282352941176pt;\" aria-label=\"\u0110erdap (9 \u0441\u0442\u0430\u0432\u043a\u0438)\">\u0110erdap<span class=\"tag-link-count\"> (9)<\/span><\/a>\n<a href=\"https:\/\/www.enduro-balkan.com\/index.php\/category\/nekategorizovano\/\" class=\"tag-cloud-link tag-link-1 tag-link-position-45\" style=\"font-size: 14.176470588235pt;\" aria-label=\"\u041d\u0435\u043a\u0430\u0442\u0435\u0433\u043e\u0440\u0438\u0437\u043e\u0432\u0430\u043d\u043e (16 \u0441\u0442\u0430\u0432\u043a\u0438)\">\u041d\u0435\u043a\u0430\u0442\u0435\u0433\u043e\u0440\u0438\u0437\u043e\u0432\u0430\u043d\u043e<span class=\"tag-link-count\"> (16)<\/span><\/a><\/p>","protected":false},"excerpt":{"rendered":"<p>Regija:Izaberi regijuCrna GoraBosna i HercegovinaGr\u010dkaRumunijaSrbija&nbsp;&nbsp;&nbsp;Centralna Srbija&nbsp;&nbsp;&nbsp;&nbsp;&nbsp;&nbsp;Avala&nbsp;&nbsp;&nbsp;&nbsp;&nbsp;&nbsp;Bukulja&nbsp;&nbsp;&nbsp;&nbsp;&nbsp;&nbsp;Gledi\u0107ke planine&nbsp;&nbsp;&nbsp;&nbsp;&nbsp;&nbsp;Go\u010d&nbsp;&nbsp;&nbsp;&nbsp;&nbsp;&nbsp;Jastrebac&nbsp;&nbsp;&nbsp;&nbsp;&nbsp;&nbsp;Jelica&nbsp;&nbsp;&nbsp;&nbsp;&nbsp;&nbsp;Kablar&nbsp;&nbsp;&nbsp;&nbsp;&nbsp;&nbsp;Kosmaj&nbsp;&nbsp;&nbsp;&nbsp;&nbsp;&nbsp;Ov\u010dar&nbsp;&nbsp;&nbsp;&nbsp;&nbsp;&nbsp;Rudnik&nbsp;&nbsp;&nbsp;&nbsp;&nbsp;&nbsp;Stolovi&nbsp;&nbsp;&nbsp;Isto\u010dna Srbija&nbsp;&nbsp;&nbsp;&nbsp;&nbsp;&nbsp;Deli Jovan&nbsp;&nbsp;&nbsp;&nbsp;&nbsp;&nbsp;Devica&nbsp;&nbsp;&nbsp;&nbsp;&nbsp;&nbsp;Homoljske planine&nbsp;&nbsp;&nbsp;&nbsp;&nbsp;&nbsp;Ku\u010daj i Beljanica&nbsp;&nbsp;&nbsp;&nbsp;&nbsp;&nbsp;Rtanj&nbsp;&nbsp;&nbsp;&nbsp;&nbsp;&nbsp;Stara planina&nbsp;&nbsp;&nbsp;&nbsp;&nbsp;&nbsp;Stol&nbsp;&nbsp;&nbsp;&nbsp;&nbsp;&nbsp;Suva planina&nbsp;&nbsp;&nbsp;&nbsp;&nbsp;&nbsp;Svrlji\u0161ke planine&nbsp;&nbsp;&nbsp;&nbsp;&nbsp;&nbsp;Tupi\u017enica&nbsp;&nbsp;&nbsp;&nbsp;&nbsp;&nbsp;\u0110erdap&nbsp;&nbsp;&nbsp;Ju\u017ena srbija&nbsp;&nbsp;&nbsp;&nbsp;&nbsp;&nbsp;Besna kobila&nbsp;&nbsp;&nbsp;&nbsp;&nbsp;&nbsp;Dukat&nbsp;&nbsp;&nbsp;&nbsp;&nbsp;&nbsp;Kukavica&nbsp;&nbsp;&nbsp;&nbsp;&nbsp;&nbsp;Ruj&nbsp;&nbsp;&nbsp;Vojvodina&nbsp;&nbsp;&nbsp;&nbsp;&nbsp;&nbsp;Deliblatska pe\u0161\u010dara&nbsp;&nbsp;&nbsp;&nbsp;&nbsp;&nbsp;Fru\u0161ka gora&nbsp;&nbsp;&nbsp;&nbsp;&nbsp;&nbsp;Ostatak Vojvodine&nbsp;&nbsp;&nbsp;&nbsp;&nbsp;&nbsp;Vr\u0161a\u010dka brda&nbsp;&nbsp;&nbsp;Zapadna Srbija&nbsp;&nbsp;&nbsp;&nbsp;&nbsp;&nbsp;\u010cemerno&nbsp;&nbsp;&nbsp;&nbsp;&nbsp;&nbsp;Cer&nbsp;&nbsp;&nbsp;&nbsp;&nbsp;&nbsp;Golija&nbsp;&nbsp;&nbsp;&nbsp;&nbsp;&nbsp;Tara&nbsp;&nbsp;&nbsp;&nbsp;&nbsp;&nbsp;Uvac&nbsp;&nbsp;&nbsp;&nbsp;&nbsp;&nbsp;Valjevske planine&nbsp;&nbsp;&nbsp;&nbsp;&nbsp;&nbsp;Zlatar&nbsp;&nbsp;&nbsp;&nbsp;&nbsp;&nbsp;Zlatibor Tip motora:&#8212; IZABERI &#8212;Enduro\/crossDual sportTe\u0161ki dual sport Te\u017eina treka: &#8212; IZABERI &#8212;LakLak do srednje te\u017eakSrednje te\u017eakTe\u017eakIzrazito te\u017eak Tip treka: &#8212; IZABERI &#8212;Kru\u017eniLinijski<\/p>\n","protected":false},"author":1,"featured_media":0,"parent":0,"menu_order":0,"comment_status":"closed","ping_status":"closed","template":"page-fullwidth.php","meta":[],"_links":{"self":[{"href":"https:\/\/www.enduro-balkan.com\/index.php\/wp-json\/wp\/v2\/pages\/1212"}],"collection":[{"href":"https:\/\/www.enduro-balkan.com\/index.php\/wp-json\/wp\/v2\/pages"}],"about":[{"href":"https:\/\/www.enduro-balkan.com\/index.php\/wp-json\/wp\/v2\/types\/page"}],"author":[{"embeddable":true,"href":"https:\/\/www.enduro-balkan.com\/index.php\/wp-json\/wp\/v2\/users\/1"}],"replies":[{"embeddable":true,"href":"https:\/\/www.enduro-balkan.com\/index.php\/wp-json\/wp\/v2\/comments?post=1212"}],"version-history":[{"count":9,"href":"https:\/\/www.enduro-balkan.com\/index.php\/wp-json\/wp\/v2\/pages\/1212\/revisions"}],"predecessor-version":[{"id":1780,"href":"https:\/\/www.enduro-balkan.com\/index.php\/wp-json\/wp\/v2\/pages\/1212\/revisions\/1780"}],"wp:attachment":[{"href":"https:\/\/www.enduro-balkan.com\/index.php\/wp-json\/wp\/v2\/media?parent=1212"}],"curies":[{"name":"wp","href":"https:\/\/api.w.org\/{rel}","templated":true}]}}