{"id":1203,"date":"2020-06-03T11:34:37","date_gmt":"2020-06-03T09:34:37","guid":{"rendered":"https:\/\/www.enduro-balkan.com\/?page_id=1203"},"modified":"2020-06-03T11:35:53","modified_gmt":"2020-06-03T09:35:53","slug":"politika-privatnosti-2","status":"publish","type":"page","link":"https:\/\/www.enduro-balkan.com\/index.php\/politika-privatnosti-2\/","title":{"rendered":"Politika privatnosti (a\u017eurirano 3.6.2020. godine)"},"content":{"rendered":"\n<p>ENDURO BALKAN vrlo ozbiljno shvata svoju odgovornost u pogledu za\u0161tite podataka o li\u010dnosti.<\/p>\n\n\n\n<p>Sajt enduro-balkan.com (<strong>u daljem tekstu websajt<\/strong>) obvezuje se da \u0107e \u0161tititi Va\u0161u privatnost i omogu\u0107iti Vam najbolje mogu\u0107e iskustvo kori\u0161\u0107enja na\u0161e web stranice. Kako biste \u0161to kvalitetnije iskoristili vreme provedeno na na\u0161im stranicama, mo\u017ee se desiti da su nam potrebne odre\u0111ene li\u010dne informacije o Vama, koje \u0107e nam pomo\u0107i da Vam pomognemo i prilagodimo sadr\u017eaj Va\u0161em ukusu i \u017eeljama.<\/p>\n\n\n\n<p>Molimo, pro\u010ditajte ovu izjavu kako biste razumeli kako se odnosimo prema Va\u0161im li\u010dnim podacima. Ova izjava se mo\u017ee menjati, pa preporu\u010dujemo da je povremeno proverite.<\/p>\n\n\n\n<p>Ova politika za\u0161tite privatnosti opisuje na\u010dine na koje <strong>enduro-balkan.com<\/strong> koristi li\u010dne podatke posetilaca. Davanjem svojih li\u010dnih podataka i prihvatanjem Politike za\u0161tite privatnosti potvr\u0111ujete da ste saglasni da se va\u0161i podaci koriste na na\u010din opisan u ovoj Politici. Ukoliko se Politika za\u0161tite privatnosti promeni, izmenjeni tekst Politike \u0107emo objaviti na ovoj stranici. Kontinuiranom upotrebom na\u0161eg sajta, kao i davanjem svojih podataka prilikom online kontakta potvr\u0111ujete da ste saglasni i sa izmenama Politike.&nbsp;<\/p>\n\n\n\n<p>Izjava o Privatnosti je dokument koji garantuje za\u0161titu privatnosti na\u0161ih korisnika na Internetu. <strong>Websajt mo\u017eete pregledati i sadr\u017eaje dostupne za preuzimanje sa njega mo\u017eete preuzeti potpuno besplatno i bez ikakve obaveze da otkrijete svoj identitet ili ostavite bilo kakve li\u010dne podatke.<\/strong> Odlu\u010dite li da nam postavite pitanje, komentar, da podelite va\u0161e iskustvo, ili ukoliko \u017eelite da doprinesete daljem razvoju websajta nu\u017eno je da nam ostavite li\u010dne podatke, kako bismo bili u mogu\u0107nosti da vam obezbedimo tra\u017eeno. Tra\u017eimo samo informacije koje su nu\u017ene kako bismo \u0161to bolje realizovali va\u0161 zahtev. (Kada se postavlja pitanje ili ostavlja komentar, potreban nam je kontakt za povratnu informaciju.)<\/p>\n\n\n\n<p><strong>PRIKUPLJANJE INFORMACIJA \u2013 na\u010din i razlog<\/strong><\/p>\n\n\n\n<p>Websajt tra\u017ei Va\u0161e li\u010dne podatke samo ako samovoljno popunite forme na na\u0161em websajtu u slu\u010daju da \u017eelite da nam postavite pitanje, ostavite komentar, da podelite va\u0161e iskustvo, ili ukoliko \u017eelite da doprinesete daljem razvoju websajta.<\/p>\n\n\n\n<p>Posetite li websajt, na\u0161 web provider automatski bele\u017ei podatke koju uklju\u010duju IP adresu Va\u0161eg ra\u010dunara, vrstu pretra\u017eiva\u010da, ime domena, vreme posete, adresu web stranice s koje ste do\u0161li te sve informacije o stranicama koje posetite na na\u0161oj web lokaciji o \u010demu ste bili obave\u0161teni na svim stranicama websajta.<\/p>\n\n\n\n<p>Ove podatke koristimo za statisti\u010dke analize o kori\u0161\u0107enju na\u0161ih stranica, s ciljem da pobolj\u0161amo kvalitet usluge.<\/p>\n\n\n\n<p>Napomena: na\u0161 web provider ne bele\u017ei va\u0161u e-mail adresu ili bilo koje druge podatke, koji bi se mogli iskoristiti za Va\u0161u li\u010dnu identifikaciju. Mo\u017eete se isklju\u010diti iz bele\u017eenja ovih podataka ako ispravno podesite va\u0161 web pretra\u017eiva\u010d \u2013 vi\u0161e o tome u nastavku.<\/p>\n\n\n\n<p><strong>Podaci koje skupljamo su slede\u0107i:<\/strong><\/p>\n\n\n\n<ul><li>Domen i IP adresa<\/li><li>Vrstu browser-a i operativnog sistema pomo\u0107u kojeg je pristupljeno na\u0161em sajtu<\/li><li>Vreme pristupa i du\u017einu posete<\/li><li>Strane koje pose\u0107ujete<\/li><li>Ukoliko ste linkovali na\u0161 portal sa nekog drugog sajta, adresu tog sajta<\/li><li>Ukoliko nam sami prosledite informacije<\/li><\/ul>\n\n\n\n<p><strong>U kojim slu\u010dajevima bele\u017eimo va\u0161e privatne podatke:<\/strong><\/p>\n\n\n\n<ul><li>Postavljanje pitanja ili ostavljanje komentara putem kontakt forme<br><em>(Ime, email \u2013 na koji vam dostavljamo odgovor)<br><\/em>Kontakt podaci i pitanja se \u010duvaju i internoj bazi dokle god autor ne tra\u017ei da se pitanje iz interne baze izbri\u0161e.<\/li><li>Prijava na bilten (newsletter)<br><em>(email adresa)<\/em><\/li><li>Ostavljanje komentara na tekstove na websajtu <em>(Ime\/nickname, email adresa, ip adresa)<\/em><\/li><li>Ostavljenje sadr\u017eaja<br><em>(jpg, gif, png datoteka, ip adresa)<br><\/em>Ukoliko otpremate slike na websajt, trebalo bi da izbegavate otpremanje slika koje sadr\u017ee li\u010dne podatke i podatke lokacije slike (EXIF GPS). Iz njih se mogu pro\u010ditati podaci lokacije gde je slika napravljena. Sadr\u017eaj se mo\u017ee \u010duvati trajno ili dok autor ne zatra\u017ei da dokument obri\u0161emo.<strong><\/strong><\/li><\/ul>\n\n\n\n<p><strong>&nbsp;KORI\u0160\u0106ENJE PRIKUPLJENIH INFORMACIJA<\/strong><\/p>\n\n\n\n<p><strong>Va\u0161e li\u010dne informacije se koriste:<\/strong><\/p>\n\n\n\n<ul><li>Kako bismo vam mogli dostaviti odgovor u \u0161to kra\u0107em vremenskom periodu.&nbsp;<\/li><\/ul>\n\n\n\n<p><strong>KAKO DELIMO INFORMACIJE SA DRUGIMA<\/strong><\/p>\n\n\n\n<p><strong>Websajt ne\u0107e prodavati, trgovati, iznajmljivati ili davati Va\u0161e li\u010dne podatke tre\u0107oj strani.<\/strong> Ukoliko ne \u017eelite primati informacije o promenama na na\u0161im web stranicama, novosti o na\u0161oj ponudi i sli\u010dne informacije, slobodno nas o tome obavestite. Va\u0161e ime \u0107e biti izbrisano s na\u0161ih lista, ubrzo po primanju va\u0161e poruke.<\/p>\n\n\n\n<p><strong>ENDURO BALKAN sme odati li\u010dne podatke korisnika:<\/strong><\/p>\n\n\n\n<ul><li>Ako to zahteva sud<\/li><li>Ako je potrebno radi za\u0161tite prava i vlasni\u0161tva na\u0161ih web stranica<\/li><li>Ako je potrebno radi za\u0161tite li\u010dne sigurnosti na\u0161ih korisnika ili javnosti.&nbsp;<\/li><\/ul>\n\n\n\n<p><strong>SIGURNOST PRIKUPLJENIH INFORMACIJA<\/strong><\/p>\n\n\n\n<p>Websajt posebno brine da su prikupljene informacije o korisnicima sigurne i za\u0161ti\u0107ene od gubitka, promena, nedozvoljenog pristupa i bilo koje vrste zloupotrebe.<\/p>\n\n\n\n<p>Websajt je na sigurnom SSL serveru. Pridr\u017eavamo se strogih bezbednosnih procedura u pogledu \u010duvanja i otkrivanja informacija koje nam dajete kako bismo spre\u010dili neovla\u0161\u0107eni pristup istima.<\/p>\n\n\n\n<p>Sa na\u0161eg sajta linkovi mogu voditi na druge web sajtove. Ne snosimo odgovornost za politiku ili procedure za za\u0161titu podataka, kao ni za sadr\u017eaj na ovim web sajtovima.<\/p>\n\n\n\n<p><strong>POLITIKA KOLA\u010cI\u0106A<\/strong><\/p>\n\n\n\n<p>Kori\u0161\u0107enjem na\u0161eg websajta saglasni ste da mo\u017eemo da sa\u010duvamo kola\u010di\u0107e i IP adrese i da im pristupimo, da koristimo druge metode za prikupljanje podataka o kori\u0161\u0107enju websajta i pobolj\u0161amo va\u0161e iskustvo na mre\u017ei. Usled nedavnih promena u zakonu, svi websajtovi koji su aktivni \u0161irom odre\u0111enih delova Evropske unije moraju da dobiju pristanak za kori\u0161\u0107enje ili \u010duvanje kola\u010di\u0107a (ili sli\u010dnih tehnologija) na va\u0161im ra\u010dunarima ili mobilnim ure\u0111ajima. Ova politika kola\u010di\u0107a pru\u017ea vam jasne i relevantne informacije o kola\u010di\u0107ima koje koristimo i o razlozima za njihovo kori\u0161\u0107enje.<\/p>\n\n\n\n<p><strong>VA\u0160 PRISTANAK<\/strong><\/p>\n\n\n\n<p>Time \u0161to nastavljate da koristite na\u0161 websajt sla\u017eete se sa tim da mo\u017eemo da postavimo kola\u010di\u0107e na va\u0161 ra\u010dunar kako bismo analizirali na\u010din na koji koristite na\u0161 websajt. Molimo vas da pa\u017eljivo pro\u010ditate ovu politiku kola\u010di\u0107a kako biste saznalid etaljne informacije o podacima koje prikupljamo kada koristite ovaj sajt. Ukoliko ne \u017eelite da prihvatite kola\u010di\u0107e u pogledu va\u0161eg kori\u0161\u0107enja ovog websajta, morate da prestanete da ga koristite.<\/p>\n\n\n\n<p><strong>\u0160TA JE KOLA\u010cI\u0106?<\/strong><\/p>\n\n\n\n<p>Kola\u010di\u0107i su male datoteke koje se postavljaju na va\u0161 ra\u010dunar preko websajtova koje posetite ili odre\u0111enih poruka e-po\u0161te koje otvorite. Njihova upotreba je \u0161iroko rasprostranjena kako bi websajtovi mogli pravilno da funkcioni\u0161u i kako bi njihovi vlasnici mogli da dobiju poslovne i marketin\u0161ke informacije.<\/p>\n\n\n\n<p>Kola\u010di\u0107i koje koristimo na websajtu poma\u017eu nam da vam obezbedimo bolje iskustvo na mre\u017ei, pamte va\u0161e parametre i poma\u017eu nam da pobolj\u0161amo sajt. Time \u0161to pristupate na\u0161im websajtovima sla\u017eete se da se ova politika kola\u010di\u0107a primenjuje kad god pristupite websajtu, nezavisno od ure\u0111aja koji koristite.<\/p>\n\n\n\n<p><strong>KOJE LI\u010cNE INFORMACIJE PRIKUPLJAJU KOLA\u010cI\u0106I?<\/strong><\/p>\n\n\n\n<p>Uop\u0161teno, kola\u010di\u0107 sadr\u017ei tekstualni niz koji sadr\u017ei informacije o pregleda\u010du. Za rad nije neophodno da kola\u010di\u0107 prepozna odakle ste, on samo treba da zapamti va\u0161 pregleda\u010d.<\/p>\n\n\n\n<p>Neki kola\u010di\u0107i koje koristimo mogu da \u010duvaju informacije o vama koje su li\u010dnije prirode. Ipak, takve informacije se \u010duvaju samo ako ste ih vi sami objavili na na\u0161em websajtu.<\/p>\n\n\n\n<p><strong>DA LI MOGU DA POVU\u010cEM SVOJ PRISTANAK?<br><\/strong><\/p>\n\n\n\n<p>Nakon \u0161to ste nam dali pristanak u pogledu kori\u0161\u0107enja kola\u010di\u0107a, na va\u0161em ra\u010dunaru ili ure\u0111aju bi\u0107e sa\u010duvan kola\u010di\u0107 koji ovo pode\u0161avanje pamti za naredni put. Ovo prestaje da va\u017ei nakon odre\u0111enog vremena (u svakom slu\u010daju u periodu od 13 meseci). Ukoliko u bilo kojem trenutku \u017eelite da povu\u010dete svoj pristanak, bi\u0107e potrebno da izbri\u0161ete kola\u010di\u0107e preko pode\u0161avanja u internet pregleda\u010du. Za dodatne informacije o brisanju ili blokiranju kola\u010di\u0107a posetite <a href=\"http:\/\/www.aboutcookies.org\/\" target=\"_blank\" rel=\"noopener\">aboutcookies.org<\/a><\/p>\n\n\n\n<p><strong>KAKO MOGU DA ISKLJU\u010cIM KOLA\u010cI\u0106E?<\/strong><\/p>\n\n\n\n<p>Internet pregleda\u010di vam omogu\u0107avaju da promenite pode\u0161avanja u vezi sa kola\u010di\u0107ima. U va\u0161em internet pregleda\u010du data pode\u0161avanja se naj\u010de\u0161\u0107e nalaze u meniju \u201eOpcije\u201d (Options) ili \u201eParametri\u201d (Preferences). Dole navedene veze mogu biti od pomo\u0107i ako \u017eelite bolje da razumete pode\u0161avanja. Ili, za dodatne informacije treba da iskoristite opciju \u201ePomo\u0107\u201d (Help) u svom internet pregleda\u010du.<\/p>\n\n\n\n<p><a href=\"https:\/\/www.timeanddate.com\/custom\/cookiesie.html\" target=\"_blank\" rel=\"noopener\">Pode\u0161avanje kola\u010di\u0107a u Internet Explorer-u<\/a><br><a href=\"https:\/\/support.mozilla.org\/en-US\/kb\/cookies-information-websites-store-on-your-computer?redirectlocale=en-US&amp;redirectslug=Cookies\" target=\"_blank\" rel=\"noopener\">Pode\u0161avanje kola\u010di\u0107a u Firefox-u<\/a><br><a href=\"https:\/\/support.google.com\/chrome\/answer\/95647?hl=en\" target=\"_blank\" rel=\"noopener\">Pode\u0161avanja kola\u010di\u0107a u Chrome-u<\/a><br><a href=\"https:\/\/support.apple.com\/en-us\/HT201265\" target=\"_blank\" rel=\"noopener\">Pode\u0161avanja kola\u010di\u0107a u Safari-ju<\/a><\/p>\n\n\n\n<p><strong>KADA KORISTIMO KOLA\u010cI\u0106E?<\/strong><\/p>\n\n\n\n<p><strong>Pra\u0107enje kori\u0161\u0107enja websajta<\/strong><\/p>\n\n\n\n<p>Kola\u010di\u0107i se koriste za prikupljanje statisti\u010dkih podataka o tome kako korisnici upotrebljavaju na\u0161 sajt. Na primer, za:<\/p>\n\n\n\n<ul><li>prikupljanje povratnih informacija o zadovoljstvu korisnika putem ankete na na\u0161em web sajtu;<\/li><li>dobijanje uvida u to kako posetioci koriste websajt tako da mo\u017eemo da ga pobolj\u0161amo u smislu njegove upotrebljivosti.<\/li><\/ul>\n\n\n\n<p><strong>Ciljanje<\/strong><\/p>\n\n\n\n<p>Kola\u010di\u0107i za \u201eciljanje\u201d su povezani sa uslugama koje pru\u017eaju tre\u0107e strane, kao \u0161to je dugme \u201eLike\u201d i \u201eShare\u201d. Tre\u0107e strane pru\u017eaju ove usluge u zamenu za prepoznavanje da ste posetili na\u0161u web stranicu.<\/p>\n\n\n\n<p>Povezivanje sa dru\u0161tvenim mre\u017eama poput Fejsbuka mo\u017ee dovesti do toga da one koriste informacije o va\u0161oj poseti kako bi na drugim websajtovima usmerile ogla\u0161avanje na vas.<\/p>\n\n\n\n<p>Kola\u010di\u0107i pru\u017eaju agencijama za ogla\u0161avanje informacije o va\u0161oj poseti tako da one mogu da vam ponude oglase koji bi vas zanimali.<\/p>\n\n\n\n<p>Svim ovim kola\u010di\u0107ima upravljaju tre\u0107e strane, a za dodatne informacije mo\u017eete da pogledate obave\u0161tenja o privatnosti na web sajtovima samih tre\u0107ih strana.<\/p>\n\n\n\n<p>Time \u0161to koristite na\u0161 sajt prihvatate upotrebu kola\u010di\u0107a za \u201eciljanje\u201d. U nekim slu\u010dajevima prihvatanje ovih kola\u010di\u0107a predstavlja uslov za kori\u0161\u0107enje websajta; dakle, ukoliko ih onemogu\u0107ite\/blokirate ne mo\u017eemo da garantujemo kako \u0107e na\u0161 sajt funkcionisati.<\/p>\n\n\n\n<p>Mo\u017eete da izaberete da trajno budete isklju\u010deni iz ovakvog tipa ogla\u0161avanja tako \u0161to \u0107ete posetiti <a href=\"http:\/\/www.networkadvertising.org\/choices\" target=\"_blank\" rel=\"noopener\">http:\/\/www.networkadvertising.org\/choices<\/a><\/p>\n\n\n\n<p><strong>GOOGLE ANALITIKA<\/strong><\/p>\n\n\n\n<p>Ova web stranica koristi Google Analytics za analizu kori\u0161\u0107enja web stranice. Google Analytics upotrebljava kola\u010di\u0107e za prikupljanje standardnih podataka internetskih zapisnika i posetilaca ili podataka u anonimnom obliku. Informacije koje generira kola\u010di\u0107 o va\u0161oj upotrebi web stranice (uklju\u010duju\u0107i IP adresu) prenose se Google-u. Informacije se zatim koriste za procenu kori\u0161\u0107enja web stranice posetioca i za prikupljanje statisti\u010dkih izve\u0161taja o aktivnostima na websajtu.<\/p>\n\n\n\n<p>Google-ova pravila o privatnosti dostupna su na adresi:&nbsp;<a href=\"https:\/\/www.google.com\/policies\/privacy\/\" target=\"_blank\" rel=\"noopener\">https:\/\/www.google.com\/policies\/privacy\/<\/a><\/p>\n\n\n\n<p>Google je razvio dodatni program za pregleda\u010d za JavaScript Google analitike kojim se ona isklju\u010duje (ga.js, analytics.js, dc.js). Ukoliko \u017eelite da budete isklju\u010deni iz Google analitike, mo\u017eete da preuzmete i instalirate dodatni program za svoj mre\u017eni pregleda\u010d. Za dodatne informacije, <a href=\"https:\/\/tools.google.com\/dlpage\/gaoptout?hl=en\" target=\"_blank\" rel=\"noopener\">kliknite ovde<\/a>.<\/p>\n\n\n\n<p><strong>PRIKAZIVA\u010cKI OGLAS (REMARKETING)<\/strong><\/p>\n\n\n\n<p>Na ovom websajtu mo\u017ee biti implementiran i mo\u017ee se upotrebljavati Google Display oglas kako bi odra\u017eavala Va\u0161e interese na webu (remarketing). Kako biste odredili svoje interese, Google \u0107e pratiti Va\u0161e pona\u0161anje na webu pomo\u0107u kola\u010di\u0107a.<\/p>\n\n\n\n<p>Mo\u017eete pregledati, brisati ili dodati kategorije interesa sa svojim preglednikom pomo\u0107u Google-ovog menad\u017eera preporu\u010denih oglasa, dostupnih na: https:\/\/adssettings.google.com\/authenticated. Me\u0111utim, ovaj mehanizam za isklju\u010divanje upotrebljava kola\u010di\u0107, a ako izbri\u0161ete kola\u010di\u0107e iz Va\u0161eg browser-a, mehanizam za isklju\u010divanje ne\u0107e biti odr\u017eavan. Kako bi se mehanizam odr\u017eao u odnosu na odre\u0111eni browser, trebali biste upotrebljavati Google-ov browser.<\/p>\n\n\n\n<p><strong>PROMENE IZJAVE O PRIVATNOSTI<\/strong><\/p>\n\n\n\n<p>Sve promen izjave o privatnosti \u0107e biti zabele\u017eene ovde, tako da posetioci na\u0161ih stranica uvek znaju koje informacije prikupljamo, kako ih koristimo i u kojim okolnostima ih delimo s tre\u0107om stranom.<\/p>\n","protected":false},"excerpt":{"rendered":"<p>ENDURO BALKAN vrlo ozbiljno shvata svoju odgovornost u pogledu za\u0161tite podataka o li\u010dnosti. Sajt enduro-balkan.com (u daljem tekstu websajt) obvezuje se da \u0107e \u0161tititi Va\u0161u privatnost i omogu\u0107iti Vam najbolje mogu\u0107e iskustvo kori\u0161\u0107enja na\u0161e web stranice. Kako biste \u0161to kvalitetnije iskoristili vreme provedeno na na\u0161im stranicama, mo\u017ee se desiti da su nam potrebne odre\u0111ene li\u010dne [&hellip;]<\/p>\n","protected":false},"author":1,"featured_media":0,"parent":0,"menu_order":0,"comment_status":"closed","ping_status":"closed","template":"","meta":[],"_links":{"self":[{"href":"https:\/\/www.enduro-balkan.com\/index.php\/wp-json\/wp\/v2\/pages\/1203"}],"collection":[{"href":"https:\/\/www.enduro-balkan.com\/index.php\/wp-json\/wp\/v2\/pages"}],"about":[{"href":"https:\/\/www.enduro-balkan.com\/index.php\/wp-json\/wp\/v2\/types\/page"}],"author":[{"embeddable":true,"href":"https:\/\/www.enduro-balkan.com\/index.php\/wp-json\/wp\/v2\/users\/1"}],"replies":[{"embeddable":true,"href":"https:\/\/www.enduro-balkan.com\/index.php\/wp-json\/wp\/v2\/comments?post=1203"}],"version-history":[{"count":2,"href":"https:\/\/www.enduro-balkan.com\/index.php\/wp-json\/wp\/v2\/pages\/1203\/revisions"}],"predecessor-version":[{"id":1205,"href":"https:\/\/www.enduro-balkan.com\/index.php\/wp-json\/wp\/v2\/pages\/1203\/revisions\/1205"}],"wp:attachment":[{"href":"https:\/\/www.enduro-balkan.com\/index.php\/wp-json\/wp\/v2\/media?parent=1203"}],"curies":[{"name":"wp","href":"https:\/\/api.w.org\/{rel}","templated":true}]}}